{"id":2901,"date":"2024-08-11T21:58:53","date_gmt":"2024-08-11T18:58:53","guid":{"rendered":"https:\/\/filek.ro\/gutscheine\/"},"modified":"2024-11-09T16:24:02","modified_gmt":"2024-11-09T14:24:02","slug":"gutscheine","status":"publish","type":"page","link":"https:\/\/filek.ro\/de\/gutscheine\/","title":{"rendered":"Gutscheine"},"content":{"rendered":"<div class=\"fusion-fullwidth fullwidth-box fusion-builder-row-1 fusion-flex-container has-pattern-background has-mask-background nonhundred-percent-fullwidth non-hundred-percent-height-scrolling\" style=\"--awb-background-position:left center;--awb-border-radius-top-left:0px;--awb-border-radius-top-right:0px;--awb-border-radius-bottom-right:0px;--awb-border-radius-bottom-left:0px;--awb-padding-top:75px;--awb-padding-bottom:100px;--awb-padding-top-medium:80px;--awb-padding-bottom-medium:80px;--awb-padding-top-small:50px;--awb-padding-bottom-small:50px;--awb-background-color:var(--awb-custom_color_2);--awb-flex-wrap:wrap;\" ><div class=\"fusion-builder-row fusion-row fusion-flex-align-items-stretch fusion-flex-justify-content-center fusion-flex-content-wrap\" style=\"max-width:calc( 1200px + 0px );margin-left: calc(-0px \/ 2 );margin-right: calc(-0px \/ 2 );\"><div class=\"fusion-layout-column fusion_builder_column fusion-builder-column-0 fusion_builder_column_1_1 1_1 fusion-flex-column fusion-animated\" style=\"--awb-bg-size:cover;--awb-width-large:100%;--awb-margin-top-large:0px;--awb-spacing-right-large:0px;--awb-margin-bottom-large:60px;--awb-spacing-left-large:0px;--awb-width-medium:100%;--awb-order-medium:0;--awb-spacing-right-medium:0px;--awb-margin-bottom-medium:50px;--awb-spacing-left-medium:0px;--awb-width-small:100%;--awb-order-small:0;--awb-spacing-right-small:0px;--awb-margin-bottom-small:40px;--awb-spacing-left-small:0px;\" data-animationType=\"fadeInDown\" data-animationDuration=\"0.8\" data-animationDelay=\"0.2\" data-animationOffset=\"top-into-view\" data-scroll-devices=\"small-visibility,medium-visibility,large-visibility\"><div class=\"fusion-column-wrapper fusion-column-has-shadow fusion-flex-justify-content-flex-start fusion-content-layout-column\"><div class=\"fusion-title title fusion-title-1 fusion-sep-none fusion-title-center fusion-title-text fusion-title-size-two\" style=\"--awb-text-color:var(--awb-color8);--awb-margin-top-small:10px;--awb-margin-right-small:0px;--awb-margin-bottom-small:20px;--awb-margin-left-small:0px;\"><h2 class=\"fusion-title-heading title-heading-center\" style=\"margin:0;\">Gutscheine<\/h2><\/div><div class=\"fusion-text fusion-text-1 fusion-text-no-margin\" style=\"--awb-content-alignment:center;--awb-margin-right:5%;--awb-margin-bottom:0px;--awb-margin-left:5%;\"><p>Schenke deinen Liebsten ein gro\u00dfartiges Erlebnis<\/p>\n<\/div><\/div><\/div><div class=\"fusion-layout-column fusion_builder_column fusion-builder-column-1 fusion_builder_column_1_2 1_2 fusion-flex-column fusion-animated\" style=\"--awb-bg-position:center center;--awb-bg-size:cover;--awb-width-large:50%;--awb-margin-top-large:0px;--awb-spacing-right-large:0px;--awb-margin-bottom-large:0px;--awb-spacing-left-large:0px;--awb-width-medium:50%;--awb-order-medium:0;--awb-spacing-right-medium:0px;--awb-spacing-left-medium:0px;--awb-width-small:100%;--awb-order-small:0;--awb-spacing-right-small:0px;--awb-spacing-left-small:0px;\" data-animationType=\"fadeInUp\" data-animationDuration=\"0.8\" data-animationOffset=\"top-into-view\" data-scroll-devices=\"small-visibility,medium-visibility,large-visibility\"><div class=\"fusion-column-wrapper lazyload fusion-column-has-shadow fusion-flex-justify-content-flex-start fusion-content-layout-column fusion-empty-column-bg-image fusion-column-has-bg-image\" data-bg-url=\"https:\/\/filek.ro\/wp-content\/uploads\/2024\/11\/hotel-sibiu-voucher-gift-scaled.jpg\" data-bg=\"https:\/\/filek.ro\/wp-content\/uploads\/2024\/11\/hotel-sibiu-voucher-gift-scaled.jpg\"><img decoding=\"async\" class=\"fusion-empty-dims-img-placeholder fusion-no-large-visibility fusion-no-medium-visibility\" aria-label=\"hotel-sibiu-voucher-gift\" src=\"data:image\/svg+xml,%3Csvg%20xmlns%3D%27http%3A%2F%2Fwww.w3.org%2F2000%2Fsvg%27%20width%3D%271707%27%20height%3D%272560%27%20viewBox%3D%270%200%201707%202560%27%3E%3Crect%20width%3D%271707%27%20height%3D%272560%27%20fill-opacity%3D%220%22%2F%3E%3C%2Fsvg%3E\"><\/div><\/div><div class=\"fusion-layout-column fusion_builder_column fusion-builder-column-2 fusion_builder_column_1_2 1_2 fusion-flex-column fusion-flex-align-self-center fusion-animated\" style=\"--awb-z-index:99999;--awb-padding-top:70px;--awb-padding-right:80px;--awb-padding-bottom:70px;--awb-padding-left:80px;--awb-padding-top-medium:60px;--awb-padding-right-medium:60px;--awb-padding-bottom-medium:60px;--awb-padding-left-medium:60px;--awb-padding-top-small:40px;--awb-padding-right-small:20px;--awb-padding-bottom-small:20px;--awb-padding-left-small:20px;--awb-bg-color:var(--awb-color1);--awb-bg-color-hover:var(--awb-color1);--awb-bg-size:cover;--awb-width-large:50%;--awb-margin-top-large:0px;--awb-spacing-right-large:0px;--awb-margin-bottom-large:0px;--awb-spacing-left-large:0px;--awb-width-medium:50%;--awb-order-medium:0;--awb-spacing-right-medium:0px;--awb-spacing-left-medium:0px;--awb-width-small:100%;--awb-order-small:0;--awb-spacing-right-small:0px;--awb-spacing-left-small:0px;\" data-animationType=\"fadeInUp\" data-animationDuration=\"0.8\" data-animationOffset=\"top-into-view\" data-scroll-devices=\"small-visibility,medium-visibility,large-visibility\"><div class=\"fusion-column-wrapper fusion-column-has-shadow fusion-flex-justify-content-flex-start fusion-content-layout-column\"><div class=\"fusion-text fusion-text-2 sm-text-align-center fusion-text-no-margin\" style=\"--awb-margin-bottom:40px;\"><p>Die neue Sibiu-Eleganz mit der Republique als eine vollst\u00e4ndige Komposition! Mit dieser Geschenkkarte liegst du immer richtig und garantierst maximale Entscheidungsfreiheit. <strong>W\u00e4hle den gew\u00fcnschten Betrag, die Verpackung und ob die Karte abgeholt oder versendet werden soll.<\/strong><\/p>\n<\/div><div class=\"fusion-form fusion-form-builder fusion-form-form-wrapper fusion-form-2905\" style=\"--awb-tooltip-text-color:#ffffff;--awb-tooltip-background-color:var(--awb-custom_color_3);--awb-form-input-height:55px;--awb-form-bg-color:hsla(var(--awb-color1-h),var(--awb-color1-s),var(--awb-color1-l),calc(var(--awb-color1-a) - 100%));--awb-form-select-bg:var(--awb-color1);--awb-form-placeholder-color:var(--awb-custom_color_1);--awb-form-text-color:var(--awb-custom_color_1);--awb-form-label-color:var(--awb-custom_color_1);--awb-form-border-color:#000000;--awb-form-focus-border-color:var(--awb-custom_color_3);--awb-form-focus-border-hover-color:hsla(var(--awb-custom_color_3-h),var(--awb-custom_color_3-s),var(--awb-custom_color_3-l),calc(var(--awb-custom_color_3-a) - 50%));\" data-form-id=\"2905\" data-config=\"{&quot;form_id&quot;:2905,&quot;form_post_id&quot;:2905,&quot;post_id&quot;:2901,&quot;form_type&quot;:&quot;ajax&quot;,&quot;confirmation_type&quot;:&quot;message&quot;,&quot;redirect_url&quot;:&quot;&quot;,&quot;redirect_timeout&quot;:&quot;0&quot;,&quot;field_labels&quot;:{&quot;name&quot;:&quot;&quot;,&quot;email&quot;:&quot;&quot;,&quot;phone&quot;:&quot;&quot;,&quot;amountselect&quot;:&quot;&quot;,&quot;consent&quot;:&quot;&quot;},&quot;field_logics&quot;:{&quot;name&quot;:&quot;&quot;,&quot;email&quot;:&quot;&quot;,&quot;phone&quot;:&quot;&quot;,&quot;amountselect&quot;:&quot;&quot;,&quot;consent&quot;:&quot;&quot;,&quot;submit_1&quot;:&quot;&quot;,&quot;notice_1&quot;:&quot;&quot;},&quot;field_types&quot;:{&quot;name&quot;:&quot;text&quot;,&quot;email&quot;:&quot;email&quot;,&quot;phone&quot;:&quot;phone_number&quot;,&quot;amountselect&quot;:&quot;select&quot;,&quot;consent&quot;:&quot;consent&quot;,&quot;submit_1&quot;:&quot;submit&quot;,&quot;notice_1&quot;:&quot;notice&quot;},&quot;nonce_method&quot;:&quot;ajax&quot;,&quot;form_views&quot;:&quot;ajax&quot;,&quot;form_views_counting&quot;:&quot;all&quot;}\"><form action=\"https:\/\/filek.ro\/de\/gutscheine\/\" method=\"post\" class=\"fusion-form fusion-form-2905\"><div class=\"fusion-fullwidth fullwidth-box fusion-builder-row-1-1 fusion-flex-container has-pattern-background has-mask-background nonhundred-percent-fullwidth non-hundred-percent-height-scrolling\" style=\"--awb-border-radius-top-left:0px;--awb-border-radius-top-right:0px;--awb-border-radius-bottom-right:0px;--awb-border-radius-bottom-left:0px;--awb-padding-top:0px;--awb-padding-right:0px;--awb-padding-bottom:0px;--awb-padding-left:0px;--awb-flex-wrap:wrap;\" ><div class=\"fusion-builder-row fusion-row fusion-flex-align-items-flex-start fusion-flex-content-wrap\" style=\"width:calc( 100% + 17px ) !important;max-width:calc( 100% + 17px ) !important;margin-left: calc(-17px \/ 2 );margin-right: calc(-17px \/ 2 );\"><div class=\"fusion-layout-column fusion_builder_column fusion-builder-column-3 fusion_builder_column_1_1 1_1 fusion-flex-column\" style=\"--awb-bg-size:cover;--awb-width-large:100%;--awb-flex-grow:0;--awb-flex-shrink:0;--awb-margin-top-large:0px;--awb-spacing-right-large:8.5px;--awb-margin-bottom-large:0px;--awb-spacing-left-large:8.5px;--awb-width-medium:100%;--awb-order-medium:0;--awb-flex-grow-medium:0;--awb-flex-shrink-medium:0;--awb-spacing-right-medium:8.5px;--awb-spacing-left-medium:8.5px;--awb-width-small:100%;--awb-order-small:0;--awb-flex-grow-small:0;--awb-flex-shrink-small:0;--awb-spacing-right-small:8.5px;--awb-spacing-left-small:8.5px;\"><div class=\"fusion-column-wrapper fusion-column-has-shadow fusion-flex-justify-content-flex-start fusion-content-layout-column\"><div class=\"fusion-form-field fusion-form-text-field fusion-form-label-above\" style=\"\" data-form-id=\"2905\"><input type=\"text\" autocomplete=\"off\" name=\"name\" id=\"name\" value=\"\"  class=\"fusion-form-input\" placeholder=\"Name \" data-holds-private-data=\"false\" minlength=\"0\"\/><\/div><div class=\"fusion-form-field fusion-form-email-field fusion-form-label-above\" style=\"\" data-form-id=\"2905\"><input type=\"email\" autocomplete=\"off\"  data-empty-notice=\"Required field\" name=\"email\" id=\"email\" value=\"\"  class=\"fusion-form-input\" required=\"true\" aria-required=\"true\" placeholder=\"Email *\" data-holds-private-data=\"false\"\/><\/div><div class=\"fusion-form-field fusion-form-phone-number-field fusion-form-label-above\" style=\"\" data-form-id=\"2905\"><input type=\"tel\" autocomplete=\"off\" name=\"phone\" id=\"phone\" value=\"\"  class=\"fusion-form-input\" placeholder=\"Telefon \" data-holds-private-data=\"false\"\/><\/div><div class=\"fusion-form-field fusion-form-select-field fusion-form-label-above\" style=\"\" data-form-id=\"2905\"><div class=\"fusion-select-wrapper\"><select autocomplete=\"off\" data-empty-notice=\"Required field\" tabindex=\"\" id=\"amountselect\" name=\"amountselect\" class=\"fusion-form-input\" required=\"true\" aria-required=\"true\" data-holds-private-data=\"false\"><option value=\"\" disabled selected>Please select voucher value<\/option><option value=\"\u20ac25\" >\u20ac25<\/option><option value=\"\u20ac50\" >\u20ac50<\/option><option value=\"\u20ac100\" >\u20ac100<\/option><option value=\"\u20ac200\" >\u20ac200<\/option><option value=\"\u20ac300\" >\u20ac300<\/option><option value=\"Sonstiges (wir werden uns mit Ihnen in Verbindung setzen, um dies zu besprechen)\" >Sonstiges (wir werden uns mit Ihnen in Verbindung setzen, um dies zu besprechen)<\/option><\/select><div class=\"select-arrow\"><svg width=\"12\" height=\"8\" viewBox=\"0 0 12 8\" fill=\"none\" xmlns=\"http:\/\/www.w3.org\/2000\/svg\"> <path d=\"M1.5 1.75L6 6.25L10.5 1.75\" stroke=\"#6D6D6D\" stroke-width=\"2\" stroke-linecap=\"round\" stroke-linejoin=\"round\"\/> <\/svg><\/div><\/div><\/div><div class=\"fusion-form-field fusion-form-consent-field fusion-form-label-above\" style=\"\" data-form-id=\"2905\"><div class=\"fusion-form-checkbox option-inline\"><input tabindex=\"\" id=\"consent\" type=\"checkbox\" value=\"1\" name=\"consent\" class=\"fusion-form-input\" required=\"true\" aria-required=\"true\"\/><label for=\"consent\">Durch die Bereitstellung dieser Informationen kann Kultours SRL diese in Zukunft verwenden, um Ihnen zu antworten und Ihnen die Dienste anzubieten, die Sie verdienen, oder um Ihnen die angeforderten Informationen zu senden.<\/label><\/div><\/div><div class=\"fusion-form-field fusion-form-submit-field fusion-form-label-above\" style=\"\" data-form-id=\"2905\"><div ><button type=\"submit\" class=\"fusion-button button-flat fusion-button-default-size button-custom fusion-button-default button-1 fusion-button-span-yes  button-default form-form-submit\" style=\"--button_bevel_color:var(--awb-custom_color_4);--button_accent_color:var(--awb-color1);--button_accent_hover_color:var(--awb-color1);--button_border_hover_color:var(--awb-color1);--button_gradient_top_color:var(--awb-custom_color_4);--button_gradient_bottom_color:var(--awb-custom_color_4);--button_gradient_top_color_hover:var(--awb-custom_color_8);--button_gradient_bottom_color_hover:var(--awb-custom_color_8);--button_padding-top:14px;--button_padding-bottom:14px;\" data-hover=\"text_slide_up\" data-form-number=\"2905\" tabindex=\"\"><div class=\"awb-button-text-transition  awb-button__hover-content--centered\"><span class=\"fusion-button-text awb-button__text awb-button__text--default\"><span class=\"fusion-button-text\">Anfrage senden<\/span><\/span><span class=\"fusion-button-text awb-button__text awb-button__text--default\"><span class=\"fusion-button-text\">Anfrage senden<\/span><\/span><\/div><\/button><\/div><\/div><div class=\"form-submission-notices data-notice_1\" id=\"fusion-notices-1\" data-instance=\"1\"><div class=\"fusion-alert alert success alert-success fusion-alert-center fusion-form-response fusion-form-response-success awb-alert-native-link-color alert-dismissable awb-alert-close-boxed\" role=\"alert\"><div class=\"fusion-alert-content-wrapper\"><span class=\"alert-icon\"><i class=\"awb-icon-check-circle\" aria-hidden=\"true\"><\/i><\/span><span class=\"fusion-alert-content\">Thank you for your message. It has been sent.<\/span><\/div><button type=\"button\" class=\"close toggle-alert\" data-dismiss=\"alert\" aria-label=\"Close\">&times;<\/button><\/div><div class=\"fusion-alert alert error alert-danger fusion-alert-center fusion-form-response fusion-form-response-error awb-alert-native-link-color alert-dismissable awb-alert-close-boxed\" role=\"alert\"><div class=\"fusion-alert-content-wrapper\"><span class=\"alert-icon\"><i class=\"awb-icon-exclamation-triangle\" aria-hidden=\"true\"><\/i><\/span><span class=\"fusion-alert-content\">There was an error trying to send your message. Please try again later.<\/span><\/div><button type=\"button\" class=\"close toggle-alert\" data-dismiss=\"alert\" aria-label=\"Close\">&times;<\/button><\/div><\/div><\/div><\/div><\/div><\/div><\/form><\/div><div class=\"fusion-text fusion-text-3 sm-text-align-center fusion-text-no-margin\" style=\"--awb-margin-top:30px;--awb-margin-bottom:10px;\"><p>Schenke deinen Liebsten ein gro\u00dfartiges Erlebnis zu zweit bei einem Kurztrip nach Sibiu mit einem Gutschein von Filek House.<\/p>\n<p>Wir stellen dir gerne den Gutschein in deinem Wunschbetrag aus, verpackt in einer attraktiven Rolle zum Verschenken. Wir w\u00fcnschen dir viel Freude beim Schenken und freuen uns auf deinen Besuch!<\/p>\n<\/div><\/div><\/div><\/div><\/div>\n","protected":false},"excerpt":{"rendered":"","protected":false},"author":1,"featured_media":0,"parent":0,"menu_order":0,"comment_status":"closed","ping_status":"closed","template":"100-width.php","meta":{"footnotes":""},"class_list":["post-2901","page","type-page","status-publish","hentry"],"yoast_head":"<!-- This site is optimized with the Yoast SEO plugin v27.3 - https:\/\/yoast.com\/product\/yoast-seo-wordpress\/ -->\n<title>Gutscheine - Filek House<\/title>\n<meta name=\"description\" content=\"Schenke deinen Liebsten ein gro\u00dfartiges Erlebnis zu zweit bei einem Kurztrip nach Sibiu mit einem Gutschein von Filek House. Kontaktiere uns!\" \/>\n<meta name=\"robots\" content=\"index, follow, max-snippet:-1, max-image-preview:large, max-video-preview:-1\" \/>\n<link rel=\"canonical\" href=\"https:\/\/filek.ro\/de\/gutscheine\/\" \/>\n<meta property=\"og:locale\" content=\"de_DE\" \/>\n<meta property=\"og:type\" content=\"article\" \/>\n<meta property=\"og:title\" content=\"Gutscheine - Filek House\" \/>\n<meta property=\"og:description\" content=\"Im Herzen von Sibiu, direkt am Gro\u00dfen Ring, bietet der Filek-Palast ein einzigartiges Unterkunftserlebnis, das den Charme eines imposanten historischen Geb\u00e4udes mit modernen Annehmlichkeiten verbindet.\" \/>\n<meta property=\"og:url\" content=\"https:\/\/filek.ro\/de\/gutscheine\/\" \/>\n<meta property=\"og:site_name\" content=\"Filek House\" \/>\n<meta property=\"article:publisher\" content=\"https:\/\/www.facebook.com\/profile.php?id=100094411789679\" \/>\n<meta property=\"article:modified_time\" content=\"2024-11-09T14:24:02+00:00\" \/>\n<meta property=\"og:image\" content=\"https:\/\/filek.ro\/wp-content\/uploads\/2024\/11\/double-room-sibiu-center-2-1024x682.jpg\" \/>\n<meta name=\"twitter:card\" content=\"summary_large_image\" \/>\n<meta name=\"twitter:title\" content=\"Gutscheine - Filek House\" \/>\n<meta name=\"twitter:description\" content=\"Im Herzen von Sibiu, direkt am Gro\u00dfen Ring, bietet der Filek-Palast ein einzigartiges Unterkunftserlebnis, das den Charme eines imposanten historischen Geb\u00e4udes mit modernen Annehmlichkeiten verbindet. Alle Zimmer sind leicht zug\u00e4nglich und wurden so gestaltet, dass sie maximalen Komfort f\u00fcr die G\u00e4ste bieten.\" \/>\n<meta name=\"twitter:image\" content=\"https:\/\/filek.ro\/wp-content\/uploads\/2024\/11\/double-room-sibiu-center-2-1024x682.jpg\" \/>\n<meta name=\"twitter:label1\" content=\"Gesch\u00e4tzte Lesezeit\" \/>\n\t<meta name=\"twitter:data1\" content=\"14\u00a0Minuten\" \/>\n<script type=\"application\/ld+json\" class=\"yoast-schema-graph\">{\"@context\":\"https:\\\/\\\/schema.org\",\"@graph\":[{\"@type\":\"WebPage\",\"@id\":\"https:\\\/\\\/filek.ro\\\/de\\\/gutscheine\\\/\",\"url\":\"https:\\\/\\\/filek.ro\\\/de\\\/gutscheine\\\/\",\"name\":\"Gutscheine - Filek House\",\"isPartOf\":{\"@id\":\"https:\\\/\\\/filek.ro\\\/de\\\/#website\"},\"datePublished\":\"2024-08-11T18:58:53+00:00\",\"dateModified\":\"2024-11-09T14:24:02+00:00\",\"description\":\"Schenke deinen Liebsten ein gro\u00dfartiges Erlebnis zu zweit bei einem Kurztrip nach Sibiu mit einem Gutschein von Filek House. Kontaktiere uns!\",\"breadcrumb\":{\"@id\":\"https:\\\/\\\/filek.ro\\\/de\\\/gutscheine\\\/#breadcrumb\"},\"inLanguage\":\"de\",\"potentialAction\":[{\"@type\":\"ReadAction\",\"target\":[\"https:\\\/\\\/filek.ro\\\/de\\\/gutscheine\\\/\"]}]},{\"@type\":\"BreadcrumbList\",\"@id\":\"https:\\\/\\\/filek.ro\\\/de\\\/gutscheine\\\/#breadcrumb\",\"itemListElement\":[{\"@type\":\"ListItem\",\"position\":1,\"name\":\"Home\",\"item\":\"https:\\\/\\\/filek.ro\\\/de\\\/\"},{\"@type\":\"ListItem\",\"position\":2,\"name\":\"Gutscheine\"}]},{\"@type\":\"WebSite\",\"@id\":\"https:\\\/\\\/filek.ro\\\/de\\\/#website\",\"url\":\"https:\\\/\\\/filek.ro\\\/de\\\/\",\"name\":\"Filek House\",\"description\":\"Accommodation Sibiu\",\"publisher\":{\"@id\":\"https:\\\/\\\/filek.ro\\\/de\\\/#organization\"},\"potentialAction\":[{\"@type\":\"SearchAction\",\"target\":{\"@type\":\"EntryPoint\",\"urlTemplate\":\"https:\\\/\\\/filek.ro\\\/de\\\/?s={search_term_string}\"},\"query-input\":{\"@type\":\"PropertyValueSpecification\",\"valueRequired\":true,\"valueName\":\"search_term_string\"}}],\"inLanguage\":\"de\"},{\"@type\":\"Organization\",\"@id\":\"https:\\\/\\\/filek.ro\\\/de\\\/#organization\",\"name\":\"Filek House\",\"url\":\"https:\\\/\\\/filek.ro\\\/de\\\/\",\"logo\":{\"@type\":\"ImageObject\",\"inLanguage\":\"de\",\"@id\":\"https:\\\/\\\/filek.ro\\\/de\\\/#\\\/schema\\\/logo\\\/image\\\/\",\"url\":\"https:\\\/\\\/filek.ro\\\/wp-content\\\/uploads\\\/2022\\\/12\\\/FILEK-logo-web.png\",\"contentUrl\":\"https:\\\/\\\/filek.ro\\\/wp-content\\\/uploads\\\/2022\\\/12\\\/FILEK-logo-web.png\",\"width\":854,\"height\":1031,\"caption\":\"Filek House\"},\"image\":{\"@id\":\"https:\\\/\\\/filek.ro\\\/de\\\/#\\\/schema\\\/logo\\\/image\\\/\"},\"sameAs\":[\"https:\\\/\\\/www.facebook.com\\\/profile.php?id=100094411789679\",\"https:\\\/\\\/www.instagram.com\\\/filek.house.sibiu\\\/\"]}]}<\/script>\n<!-- \/ Yoast SEO plugin. -->","yoast_head_json":{"title":"Gutscheine - Filek House","description":"Schenke deinen Liebsten ein gro\u00dfartiges Erlebnis zu zweit bei einem Kurztrip nach Sibiu mit einem Gutschein von Filek House. Kontaktiere uns!","robots":{"index":"index","follow":"follow","max-snippet":"max-snippet:-1","max-image-preview":"max-image-preview:large","max-video-preview":"max-video-preview:-1"},"canonical":"https:\/\/filek.ro\/de\/gutscheine\/","og_locale":"de_DE","og_type":"article","og_title":"Gutscheine - Filek House","og_description":"Im Herzen von Sibiu, direkt am Gro\u00dfen Ring, bietet der Filek-Palast ein einzigartiges Unterkunftserlebnis, das den Charme eines imposanten historischen Geb\u00e4udes mit modernen Annehmlichkeiten verbindet.","og_url":"https:\/\/filek.ro\/de\/gutscheine\/","og_site_name":"Filek House","article_publisher":"https:\/\/www.facebook.com\/profile.php?id=100094411789679","article_modified_time":"2024-11-09T14:24:02+00:00","og_image":[{"url":"https:\/\/filek.ro\/wp-content\/uploads\/2024\/11\/double-room-sibiu-center-2-1024x682.jpg","type":"","width":"","height":""}],"twitter_card":"summary_large_image","twitter_title":"Gutscheine - Filek House","twitter_description":"Im Herzen von Sibiu, direkt am Gro\u00dfen Ring, bietet der Filek-Palast ein einzigartiges Unterkunftserlebnis, das den Charme eines imposanten historischen Geb\u00e4udes mit modernen Annehmlichkeiten verbindet. Alle Zimmer sind leicht zug\u00e4nglich und wurden so gestaltet, dass sie maximalen Komfort f\u00fcr die G\u00e4ste bieten.","twitter_image":"https:\/\/filek.ro\/wp-content\/uploads\/2024\/11\/double-room-sibiu-center-2-1024x682.jpg","twitter_misc":{"Gesch\u00e4tzte Lesezeit":"14\u00a0Minuten"},"schema":{"@context":"https:\/\/schema.org","@graph":[{"@type":"WebPage","@id":"https:\/\/filek.ro\/de\/gutscheine\/","url":"https:\/\/filek.ro\/de\/gutscheine\/","name":"Gutscheine - Filek House","isPartOf":{"@id":"https:\/\/filek.ro\/de\/#website"},"datePublished":"2024-08-11T18:58:53+00:00","dateModified":"2024-11-09T14:24:02+00:00","description":"Schenke deinen Liebsten ein gro\u00dfartiges Erlebnis zu zweit bei einem Kurztrip nach Sibiu mit einem Gutschein von Filek House. Kontaktiere uns!","breadcrumb":{"@id":"https:\/\/filek.ro\/de\/gutscheine\/#breadcrumb"},"inLanguage":"de","potentialAction":[{"@type":"ReadAction","target":["https:\/\/filek.ro\/de\/gutscheine\/"]}]},{"@type":"BreadcrumbList","@id":"https:\/\/filek.ro\/de\/gutscheine\/#breadcrumb","itemListElement":[{"@type":"ListItem","position":1,"name":"Home","item":"https:\/\/filek.ro\/de\/"},{"@type":"ListItem","position":2,"name":"Gutscheine"}]},{"@type":"WebSite","@id":"https:\/\/filek.ro\/de\/#website","url":"https:\/\/filek.ro\/de\/","name":"Filek House","description":"Accommodation Sibiu","publisher":{"@id":"https:\/\/filek.ro\/de\/#organization"},"potentialAction":[{"@type":"SearchAction","target":{"@type":"EntryPoint","urlTemplate":"https:\/\/filek.ro\/de\/?s={search_term_string}"},"query-input":{"@type":"PropertyValueSpecification","valueRequired":true,"valueName":"search_term_string"}}],"inLanguage":"de"},{"@type":"Organization","@id":"https:\/\/filek.ro\/de\/#organization","name":"Filek House","url":"https:\/\/filek.ro\/de\/","logo":{"@type":"ImageObject","inLanguage":"de","@id":"https:\/\/filek.ro\/de\/#\/schema\/logo\/image\/","url":"https:\/\/filek.ro\/wp-content\/uploads\/2022\/12\/FILEK-logo-web.png","contentUrl":"https:\/\/filek.ro\/wp-content\/uploads\/2022\/12\/FILEK-logo-web.png","width":854,"height":1031,"caption":"Filek House"},"image":{"@id":"https:\/\/filek.ro\/de\/#\/schema\/logo\/image\/"},"sameAs":["https:\/\/www.facebook.com\/profile.php?id=100094411789679","https:\/\/www.instagram.com\/filek.house.sibiu\/"]}]}},"_links":{"self":[{"href":"https:\/\/filek.ro\/de\/wp-json\/wp\/v2\/pages\/2901","targetHints":{"allow":["GET"]}}],"collection":[{"href":"https:\/\/filek.ro\/de\/wp-json\/wp\/v2\/pages"}],"about":[{"href":"https:\/\/filek.ro\/de\/wp-json\/wp\/v2\/types\/page"}],"author":[{"embeddable":true,"href":"https:\/\/filek.ro\/de\/wp-json\/wp\/v2\/users\/1"}],"replies":[{"embeddable":true,"href":"https:\/\/filek.ro\/de\/wp-json\/wp\/v2\/comments?post=2901"}],"version-history":[{"count":2,"href":"https:\/\/filek.ro\/de\/wp-json\/wp\/v2\/pages\/2901\/revisions"}],"predecessor-version":[{"id":2903,"href":"https:\/\/filek.ro\/de\/wp-json\/wp\/v2\/pages\/2901\/revisions\/2903"}],"wp:attachment":[{"href":"https:\/\/filek.ro\/de\/wp-json\/wp\/v2\/media?parent=2901"}],"curies":[{"name":"wp","href":"https:\/\/api.w.org\/{rel}","templated":true}]}}