{"id":2918,"date":"2024-08-12T09:44:37","date_gmt":"2024-08-12T06:44:37","guid":{"rendered":"https:\/\/filek.ro\/kulinarik-und-freizeitmoeglichkeiten\/"},"modified":"2024-11-09T22:52:43","modified_gmt":"2024-11-09T20:52:43","slug":"kulinarik-und-freizeitmoeglichkeiten","status":"publish","type":"page","link":"https:\/\/filek.ro\/de\/kulinarik-und-freizeitmoeglichkeiten\/","title":{"rendered":"Kulinarik Und Freizeitm\u00f6glichkeiten"},"content":{"rendered":"<p><div class=\"fusion-fullwidth fullwidth-box fusion-builder-row-1 fusion-flex-container has-pattern-background has-mask-background nonhundred-percent-fullwidth non-hundred-percent-height-scrolling\" style=\"--awb-background-position:left center;--awb-border-radius-top-left:0px;--awb-border-radius-top-right:0px;--awb-border-radius-bottom-right:0px;--awb-border-radius-bottom-left:0px;--awb-padding-top:75px;--awb-padding-bottom:50px;--awb-padding-top-medium:80px;--awb-padding-bottom-medium:80px;--awb-padding-top-small:50px;--awb-padding-bottom-small:50px;--awb-background-color:var(--awb-custom_color_2);--awb-flex-wrap:wrap;\" ><div class=\"fusion-builder-row fusion-row fusion-flex-align-items-stretch fusion-flex-justify-content-center fusion-flex-content-wrap\" style=\"max-width:calc( 1200px + 0px );margin-left: calc(-0px \/ 2 );margin-right: calc(-0px \/ 2 );\"><div class=\"fusion-layout-column fusion_builder_column fusion-builder-column-0 fusion_builder_column_1_1 1_1 fusion-flex-column fusion-animated\" style=\"--awb-bg-size:cover;--awb-width-large:100%;--awb-margin-top-large:0px;--awb-spacing-right-large:0px;--awb-margin-bottom-large:60px;--awb-spacing-left-large:0px;--awb-width-medium:100%;--awb-order-medium:0;--awb-spacing-right-medium:0px;--awb-margin-bottom-medium:50px;--awb-spacing-left-medium:0px;--awb-width-small:100%;--awb-order-small:0;--awb-spacing-right-small:0px;--awb-margin-bottom-small:40px;--awb-spacing-left-small:0px;\" data-animationType=\"fadeInDown\" data-animationDuration=\"0.8\" data-animationDelay=\"0.2\" data-animationOffset=\"top-into-view\" data-scroll-devices=\"small-visibility,medium-visibility,large-visibility\"><div class=\"fusion-column-wrapper fusion-column-has-shadow fusion-flex-justify-content-flex-start fusion-content-layout-column\"><div class=\"fusion-title title fusion-title-1 fusion-sep-none fusion-title-center fusion-title-text fusion-title-size-two\" style=\"--awb-text-color:var(--awb-color8);--awb-margin-top-small:10px;--awb-margin-right-small:0px;--awb-margin-bottom-small:20px;--awb-margin-left-small:0px;\"><h2 class=\"fusion-title-heading title-heading-center\" style=\"margin:0;\">Kulinarik Und Freizeitm\u00f6glichkeiten<\/h2><\/div><div class=\"fusion-text fusion-text-1 fusion-text-no-margin\" style=\"--awb-content-alignment:center;--awb-margin-right:5%;--awb-margin-bottom:0px;--awb-margin-left:5%;\"><p>Restauranttipps in Gehweite von unserem Hotel!<\/p>\n<\/div><\/div><\/div><div class=\"fusion-layout-column fusion_builder_column fusion-builder-column-1 fusion_builder_column_1_2 1_2 fusion-flex-column fusion-animated\" style=\"--awb-bg-position:center center;--awb-bg-size:cover;--awb-width-large:50%;--awb-margin-top-large:0px;--awb-spacing-right-large:0px;--awb-margin-bottom-large:0px;--awb-spacing-left-large:0px;--awb-width-medium:50%;--awb-order-medium:0;--awb-spacing-right-medium:0px;--awb-spacing-left-medium:0px;--awb-width-small:100%;--awb-order-small:0;--awb-spacing-right-small:0px;--awb-spacing-left-small:0px;\" data-animationType=\"fadeInUp\" data-animationDuration=\"0.8\" data-animationOffset=\"top-into-view\" data-scroll-devices=\"small-visibility,medium-visibility,large-visibility\"><div class=\"fusion-column-wrapper lazyload fusion-column-has-shadow fusion-flex-justify-content-flex-start fusion-content-layout-column fusion-empty-column-bg-image fusion-column-has-bg-image\" data-bg-url=\"https:\/\/filek.ro\/wp-content\/uploads\/2024\/09\/breakfast-sibiu-hotel.jpg\" data-bg=\"https:\/\/filek.ro\/wp-content\/uploads\/2024\/09\/breakfast-sibiu-hotel.jpg\"><img decoding=\"async\" class=\"fusion-empty-dims-img-placeholder fusion-no-large-visibility fusion-no-medium-visibility\" aria-label=\"breakfast-sibiu-hotel\" src=\"data:image\/svg+xml,%3Csvg%20xmlns%3D%27http%3A%2F%2Fwww.w3.org%2F2000%2Fsvg%27%20width%3D%272500%27%20height%3D%271667%27%20viewBox%3D%270%200%202500%201667%27%3E%3Crect%20width%3D%272500%27%20height%3D%271667%27%20fill-opacity%3D%220%22%2F%3E%3C%2Fsvg%3E\"><\/div><\/div><div class=\"fusion-layout-column fusion_builder_column fusion-builder-column-2 fusion_builder_column_1_2 1_2 fusion-flex-column fusion-flex-align-self-center fusion-animated\" style=\"--awb-z-index:99999;--awb-padding-top:40px;--awb-padding-right:80px;--awb-padding-bottom:40px;--awb-padding-left:80px;--awb-padding-top-medium:60px;--awb-padding-right-medium:60px;--awb-padding-bottom-medium:60px;--awb-padding-left-medium:60px;--awb-padding-top-small:40px;--awb-padding-right-small:20px;--awb-padding-bottom-small:20px;--awb-padding-left-small:20px;--awb-bg-color:var(--awb-color1);--awb-bg-color-hover:var(--awb-color1);--awb-bg-size:cover;--awb-width-large:50%;--awb-margin-top-large:0px;--awb-spacing-right-large:0px;--awb-margin-bottom-large:0px;--awb-spacing-left-large:0px;--awb-width-medium:50%;--awb-order-medium:0;--awb-spacing-right-medium:0px;--awb-spacing-left-medium:0px;--awb-width-small:100%;--awb-order-small:0;--awb-spacing-right-small:0px;--awb-spacing-left-small:0px;\" data-animationType=\"fadeInUp\" data-animationDuration=\"0.8\" data-animationOffset=\"top-into-view\" data-scroll-devices=\"small-visibility,medium-visibility,large-visibility\"><div class=\"fusion-column-wrapper fusion-column-has-shadow fusion-flex-justify-content-flex-start fusion-content-layout-column\"><div class=\"fusion-title title fusion-title-2 fusion-sep-none fusion-title-text fusion-title-size-two\" style=\"--awb-text-color:var(--awb-color8);--awb-margin-top-small:10px;--awb-margin-right-small:0px;--awb-margin-bottom-small:20px;--awb-margin-left-small:0px;\"><h2 class=\"fusion-title-heading title-heading-left sm-text-align-center\" style=\"margin:0;\">Restauranttipps<\/h2><\/div><div class=\"fusion-text fusion-text-2 sm-text-align-center fusion-text-no-margin\" style=\"--awb-margin-top:20px;--awb-margin-bottom:40px;\"><p>Unser Team von Filek House hat einige Restaurantempfehlungen f\u00fcr dich zusammengestellt. Hier findest du das passende Restaurant f\u00fcr jeden Geschmack und jede Vorliebe. Je nach Stimmung kannst du dich f\u00fcr kulinarische K\u00f6stlichkeiten aus der herzhaften rum\u00e4nischen K\u00fcche, vegetarische oder internationale Gerichte entscheiden.<\/p>\n<p>Alle unsere Restaurantempfehlungen sind in etwa 10-15 Minuten zu Fu\u00df direkt vom Filek House zu erreichen!<\/p>\n<\/div><\/div><\/div><\/div><\/div><div class=\"fusion-fullwidth fullwidth-box fusion-builder-row-2 fusion-flex-container has-pattern-background has-mask-background nonhundred-percent-fullwidth non-hundred-percent-height-scrolling\" style=\"--awb-background-position:left center;--awb-border-radius-top-left:0px;--awb-border-radius-top-right:0px;--awb-border-radius-bottom-right:0px;--awb-border-radius-bottom-left:0px;--awb-padding-top:0px;--awb-padding-bottom:0px;--awb-padding-top-medium:40px;--awb-padding-bottom-medium:40px;--awb-padding-top-small:10px;--awb-padding-bottom-small:10px;--awb-background-color:var(--awb-custom_color_2);--awb-flex-wrap:wrap;\" ><div class=\"fusion-builder-row fusion-row fusion-flex-align-items-stretch fusion-flex-justify-content-center fusion-flex-content-wrap\" style=\"max-width:calc( 1200px + 0px );margin-left: calc(-0px \/ 2 );margin-right: calc(-0px \/ 2 );\"><div class=\"fusion-layout-column fusion_builder_column fusion-builder-column-3 fusion_builder_column_1_1 1_1 fusion-flex-column fusion-animated\" style=\"--awb-bg-size:cover;--awb-width-large:100%;--awb-margin-top-large:0px;--awb-spacing-right-large:0px;--awb-margin-bottom-large:60px;--awb-spacing-left-large:0px;--awb-width-medium:100%;--awb-order-medium:0;--awb-spacing-right-medium:0px;--awb-margin-bottom-medium:50px;--awb-spacing-left-medium:0px;--awb-width-small:100%;--awb-order-small:0;--awb-spacing-right-small:0px;--awb-margin-bottom-small:40px;--awb-spacing-left-small:0px;\" data-animationType=\"fadeInDown\" data-animationDuration=\"0.8\" data-animationDelay=\"0.2\" data-animationOffset=\"top-into-view\" data-scroll-devices=\"small-visibility,medium-visibility,large-visibility\"><div class=\"fusion-column-wrapper fusion-column-has-shadow fusion-flex-justify-content-flex-start fusion-content-layout-column\"><div class=\"fusion-text fusion-text-3 sm-text-align-center fusion-text-no-margin\" style=\"--awb-content-alignment:left;--awb-margin-right:5%;--awb-margin-bottom:0px;--awb-margin-left:5%;\"><p><strong>ATRIUM<\/strong> \u2013 ideal zum Entspannen und Genie\u00dfen mit exklusivem Blick auf die L\u00fcgenbr\u00fccke. Wenn du eine au\u00dfergew\u00f6hnliche Location f\u00fcr dein privates oder gesch\u00e4ftliches Event suchst, kannst du das ATRIUM exklusiv buchen!<\/p>\n<p><strong>KULINARIUM<\/strong> befindet sich am Kleinen Ring 12! Kulinarium verw\u00f6hnt dich mit neu interpretierten rum\u00e4nischen Gerichten, Steaks, Pfannengerichten und vegetarischen Speisen, frisch zubereitet und immer ein echter Genuss!<\/p>\n<p><strong>CAFE WIEN<\/strong> \u2013 hinter der Evangelischen Kathedrale findest du ein Wiener Bistro oder Beisl \u2013 ein typisches Wiener Restaurant. Bodenst\u00e4ndig, gem\u00fctlich und traditionell, pr\u00e4gt es eine boomende Restaurantszene und bietet authentische Wiener K\u00fcche.<\/p>\n<p>Der Begriff **Beisl** stammt wahrscheinlich aus dem Jiddischen \u2013 von \u201ebajiss\u201c (Haus). Das klassische Wiener Beisl hat eine gro\u00dfz\u00fcgige Bar, an der Wein gek\u00fchlt und Bier gezapft wird, dunkel gestrichene Holzvert\u00e4felung, einfache Tische und St\u00fchle und eine gemischte Kundschaft. Die K\u00fcche ist traditionell: Frittaten- und Grie\u00dfnockerlsuppe, Schnitzel, Gulasch und k\u00f6stliche Mehlspeisen wie Kaiserschmarrn dominieren die Speisekarte.<\/p>\n<p>Du kannst auf einer der sch\u00f6nsten Panoramaterrassen der Oberstadt verschiedene Kaffeespezialit\u00e4ten von Julius Meinl genie\u00dfen.<\/p>\n<\/div><\/div><\/div><\/div><\/div><div class=\"fusion-fullwidth fullwidth-box fusion-builder-row-3 fusion-flex-container has-pattern-background has-mask-background nonhundred-percent-fullwidth non-hundred-percent-height-scrolling\" style=\"--awb-background-position:left center;--awb-border-radius-top-left:0px;--awb-border-radius-top-right:0px;--awb-border-radius-bottom-right:0px;--awb-border-radius-bottom-left:0px;--awb-padding-top:10px;--awb-padding-bottom:100px;--awb-padding-top-medium:40px;--awb-padding-bottom-medium:80px;--awb-padding-top-small:20px;--awb-padding-bottom-small:50px;--awb-background-color:var(--awb-custom_color_2);--awb-flex-wrap:wrap;\" ><div class=\"fusion-builder-row fusion-row fusion-flex-align-items-stretch fusion-flex-justify-content-center fusion-flex-content-wrap\" style=\"max-width:calc( 1200px + 0px );margin-left: calc(-0px \/ 2 );margin-right: calc(-0px \/ 2 );\"><div class=\"fusion-layout-column fusion_builder_column fusion-builder-column-4 fusion_builder_column_1_2 1_2 fusion-flex-column fusion-animated\" style=\"--awb-bg-position:center center;--awb-bg-size:cover;--awb-width-large:50%;--awb-margin-top-large:0px;--awb-spacing-right-large:0px;--awb-margin-bottom-large:0px;--awb-spacing-left-large:0px;--awb-width-medium:50%;--awb-order-medium:0;--awb-spacing-right-medium:0px;--awb-spacing-left-medium:0px;--awb-width-small:100%;--awb-order-small:0;--awb-spacing-right-small:0px;--awb-spacing-left-small:0px;\" data-animationType=\"fadeInUp\" data-animationDuration=\"0.8\" data-animationOffset=\"top-into-view\" data-scroll-devices=\"small-visibility,medium-visibility,large-visibility\"><div class=\"fusion-column-wrapper lazyload fusion-column-has-shadow fusion-flex-justify-content-flex-start fusion-content-layout-column fusion-empty-column-bg-image fusion-column-has-bg-image\" data-bg-url=\"https:\/\/filek.ro\/wp-content\/uploads\/2024\/07\/hotel-centru-sibiu-piata-mica-21-scaled.jpg\" data-bg=\"https:\/\/filek.ro\/wp-content\/uploads\/2024\/07\/hotel-centru-sibiu-piata-mica-21-scaled.jpg\"><img decoding=\"async\" class=\"fusion-empty-dims-img-placeholder fusion-no-large-visibility fusion-no-medium-visibility\" aria-label=\"hotel-centru-sibiu-piata-mica-21\" src=\"data:image\/svg+xml,%3Csvg%20xmlns%3D%27http%3A%2F%2Fwww.w3.org%2F2000%2Fsvg%27%20width%3D%271707%27%20height%3D%272560%27%20viewBox%3D%270%200%201707%202560%27%3E%3Crect%20width%3D%271707%27%20height%3D%272560%27%20fill-opacity%3D%220%22%2F%3E%3C%2Fsvg%3E\"><\/div><\/div><div class=\"fusion-layout-column fusion_builder_column fusion-builder-column-5 fusion_builder_column_1_2 1_2 fusion-flex-column fusion-flex-align-self-center fusion-animated\" style=\"--awb-z-index:99999;--awb-padding-top:40px;--awb-padding-right:80px;--awb-padding-bottom:30px;--awb-padding-left:80px;--awb-padding-top-medium:60px;--awb-padding-right-medium:60px;--awb-padding-bottom-medium:60px;--awb-padding-left-medium:60px;--awb-padding-top-small:40px;--awb-padding-right-small:20px;--awb-padding-bottom-small:20px;--awb-padding-left-small:20px;--awb-bg-color:var(--awb-color1);--awb-bg-color-hover:var(--awb-color1);--awb-bg-size:cover;--awb-width-large:50%;--awb-margin-top-large:0px;--awb-spacing-right-large:0px;--awb-margin-bottom-large:0px;--awb-spacing-left-large:0px;--awb-width-medium:50%;--awb-order-medium:0;--awb-spacing-right-medium:0px;--awb-spacing-left-medium:0px;--awb-width-small:100%;--awb-order-small:0;--awb-spacing-right-small:0px;--awb-spacing-left-small:0px;\" data-animationType=\"fadeInUp\" data-animationDuration=\"0.8\" data-animationOffset=\"top-into-view\" data-scroll-devices=\"small-visibility,medium-visibility,large-visibility\"><div class=\"fusion-column-wrapper fusion-column-has-shadow fusion-flex-justify-content-flex-start fusion-content-layout-column\"><div class=\"fusion-title title fusion-title-3 fusion-sep-none fusion-title-text fusion-title-size-two\" style=\"--awb-text-color:var(--awb-color8);--awb-margin-top-small:10px;--awb-margin-right-small:0px;--awb-margin-bottom-small:20px;--awb-margin-left-small:0px;\"><h2 class=\"fusion-title-heading title-heading-left sm-text-align-center\" style=\"margin:0;\">Freizeitm\u00f6glichkeiten<\/h2><\/div><div class=\"fusion-text fusion-text-4 sm-text-align-center fusion-text-no-margin\" style=\"--awb-margin-top:20px;--awb-margin-bottom:30px;\"><p>Die gro\u00dfe Geschichte dieser Stadt ist allgegenw\u00e4rtig. Wo auch immer du in Sibiu hinschaust, die Kultur liegt dir direkt zu F\u00fc\u00dfen. Die meisten von ihnen kannst du auf der t\u00e4glichen Stadtf\u00fchrung um 10 Uhr ab dem Informationszentrum des Rathauses entdecken (1. April \u2013 31. Oktober, in der Nebensaison auf Anfrage).<\/p>\n<p>1. Brukenthal-Museum<br \/>\n2. Evangelische Kathedrale<br \/>\n3. Astra-Museum<br \/>\n4. Ratsturm<br \/>\n5. L\u00fcgenbr\u00fccke<br \/>\n6. Theater und Philharmonie<br \/>\n7. Orthodoxe Kathedrale Synagoge<br \/>\n8. Einkaufszentrum Kino<br \/>\n9. Stadtmauern und Wehrt\u00fcrme<\/p>\n<\/div><\/div><\/div><\/div><\/div><\/p>\n","protected":false},"excerpt":{"rendered":"","protected":false},"author":1,"featured_media":0,"parent":0,"menu_order":0,"comment_status":"closed","ping_status":"closed","template":"100-width.php","meta":{"footnotes":""},"class_list":["post-2918","page","type-page","status-publish","hentry"],"yoast_head":"<!-- This site is optimized with the Yoast SEO plugin v27.3 - https:\/\/yoast.com\/product\/yoast-seo-wordpress\/ -->\n<title>Kulinarik Und Freizeitm\u00f6glichkeiten - Filek House<\/title>\n<meta name=\"description\" content=\"Aktivit\u00e4ten in Sibiu, Restauranttipps und Sehensw\u00fcrdigkeiten in der N\u00e4he des Filek-Hauses. Alle sind in ca. 1-5 Minuten zu Fu\u00df erreichbar.\" \/>\n<meta name=\"robots\" content=\"index, follow, max-snippet:-1, max-image-preview:large, max-video-preview:-1\" \/>\n<link rel=\"canonical\" href=\"https:\/\/filek.ro\/de\/kulinarik-und-freizeitmoeglichkeiten\/\" \/>\n<meta property=\"og:locale\" content=\"de_DE\" \/>\n<meta property=\"og:type\" content=\"article\" \/>\n<meta property=\"og:title\" content=\"Kulinarik Und Freizeitm\u00f6glichkeiten - Filek House\" \/>\n<meta property=\"og:description\" content=\"Unser Team von Republique hat einige Restaurantempfehlungen f\u00fcr dich zusammengestellt. Hier findest du das passende Restaurant f\u00fcr jeden Geschmack und jede Vorliebe.\" \/>\n<meta property=\"og:url\" content=\"https:\/\/filek.ro\/de\/kulinarik-und-freizeitmoeglichkeiten\/\" \/>\n<meta property=\"og:site_name\" content=\"Filek House\" \/>\n<meta property=\"article:publisher\" content=\"https:\/\/www.facebook.com\/profile.php?id=100094411789679\" \/>\n<meta property=\"article:modified_time\" content=\"2024-11-09T20:52:43+00:00\" \/>\n<meta property=\"og:image\" content=\"https:\/\/filek.ro\/wp-content\/uploads\/2024\/08\/Luxemburg_0100-1024x683.jpg\" \/>\n<meta name=\"twitter:card\" content=\"summary_large_image\" \/>\n<meta name=\"twitter:title\" content=\"Kulinarik Und Freizeitm\u00f6glichkeiten - Filek House\" \/>\n<meta name=\"twitter:description\" content=\"Unser Team von Republique hat einige Restaurantempfehlungen f\u00fcr dich zusammengestellt. Hier findest du das passende Restaurant f\u00fcr jeden Geschmack und jede Vorliebe.\" \/>\n<meta name=\"twitter:image\" content=\"https:\/\/filek.ro\/wp-content\/uploads\/2024\/08\/Luxemburg_0100-1024x683.jpg\" \/>\n<meta name=\"twitter:label1\" content=\"Gesch\u00e4tzte Lesezeit\" \/>\n\t<meta name=\"twitter:data1\" content=\"30\u00a0Minuten\" \/>\n<script type=\"application\/ld+json\" class=\"yoast-schema-graph\">{\"@context\":\"https:\\\/\\\/schema.org\",\"@graph\":[{\"@type\":\"WebPage\",\"@id\":\"https:\\\/\\\/filek.ro\\\/de\\\/kulinarik-und-freizeitmoeglichkeiten\\\/\",\"url\":\"https:\\\/\\\/filek.ro\\\/de\\\/kulinarik-und-freizeitmoeglichkeiten\\\/\",\"name\":\"Kulinarik Und Freizeitm\u00f6glichkeiten - Filek House\",\"isPartOf\":{\"@id\":\"https:\\\/\\\/filek.ro\\\/de\\\/#website\"},\"datePublished\":\"2024-08-12T06:44:37+00:00\",\"dateModified\":\"2024-11-09T20:52:43+00:00\",\"description\":\"Aktivit\u00e4ten in Sibiu, Restauranttipps und Sehensw\u00fcrdigkeiten in der N\u00e4he des Filek-Hauses. Alle sind in ca. 1-5 Minuten zu Fu\u00df erreichbar.\",\"breadcrumb\":{\"@id\":\"https:\\\/\\\/filek.ro\\\/de\\\/kulinarik-und-freizeitmoeglichkeiten\\\/#breadcrumb\"},\"inLanguage\":\"de\",\"potentialAction\":[{\"@type\":\"ReadAction\",\"target\":[\"https:\\\/\\\/filek.ro\\\/de\\\/kulinarik-und-freizeitmoeglichkeiten\\\/\"]}]},{\"@type\":\"BreadcrumbList\",\"@id\":\"https:\\\/\\\/filek.ro\\\/de\\\/kulinarik-und-freizeitmoeglichkeiten\\\/#breadcrumb\",\"itemListElement\":[{\"@type\":\"ListItem\",\"position\":1,\"name\":\"Home\",\"item\":\"https:\\\/\\\/filek.ro\\\/de\\\/\"},{\"@type\":\"ListItem\",\"position\":2,\"name\":\"Kulinarik Und Freizeitm\u00f6glichkeiten\"}]},{\"@type\":\"WebSite\",\"@id\":\"https:\\\/\\\/filek.ro\\\/de\\\/#website\",\"url\":\"https:\\\/\\\/filek.ro\\\/de\\\/\",\"name\":\"Filek House\",\"description\":\"Accommodation Sibiu\",\"publisher\":{\"@id\":\"https:\\\/\\\/filek.ro\\\/de\\\/#organization\"},\"potentialAction\":[{\"@type\":\"SearchAction\",\"target\":{\"@type\":\"EntryPoint\",\"urlTemplate\":\"https:\\\/\\\/filek.ro\\\/de\\\/?s={search_term_string}\"},\"query-input\":{\"@type\":\"PropertyValueSpecification\",\"valueRequired\":true,\"valueName\":\"search_term_string\"}}],\"inLanguage\":\"de\"},{\"@type\":\"Organization\",\"@id\":\"https:\\\/\\\/filek.ro\\\/de\\\/#organization\",\"name\":\"Filek House\",\"url\":\"https:\\\/\\\/filek.ro\\\/de\\\/\",\"logo\":{\"@type\":\"ImageObject\",\"inLanguage\":\"de\",\"@id\":\"https:\\\/\\\/filek.ro\\\/de\\\/#\\\/schema\\\/logo\\\/image\\\/\",\"url\":\"https:\\\/\\\/filek.ro\\\/wp-content\\\/uploads\\\/2022\\\/12\\\/FILEK-logo-web.png\",\"contentUrl\":\"https:\\\/\\\/filek.ro\\\/wp-content\\\/uploads\\\/2022\\\/12\\\/FILEK-logo-web.png\",\"width\":854,\"height\":1031,\"caption\":\"Filek House\"},\"image\":{\"@id\":\"https:\\\/\\\/filek.ro\\\/de\\\/#\\\/schema\\\/logo\\\/image\\\/\"},\"sameAs\":[\"https:\\\/\\\/www.facebook.com\\\/profile.php?id=100094411789679\",\"https:\\\/\\\/www.instagram.com\\\/filek.house.sibiu\\\/\"]}]}<\/script>\n<!-- \/ Yoast SEO plugin. -->","yoast_head_json":{"title":"Kulinarik Und Freizeitm\u00f6glichkeiten - Filek House","description":"Aktivit\u00e4ten in Sibiu, Restauranttipps und Sehensw\u00fcrdigkeiten in der N\u00e4he des Filek-Hauses. Alle sind in ca. 1-5 Minuten zu Fu\u00df erreichbar.","robots":{"index":"index","follow":"follow","max-snippet":"max-snippet:-1","max-image-preview":"max-image-preview:large","max-video-preview":"max-video-preview:-1"},"canonical":"https:\/\/filek.ro\/de\/kulinarik-und-freizeitmoeglichkeiten\/","og_locale":"de_DE","og_type":"article","og_title":"Kulinarik Und Freizeitm\u00f6glichkeiten - Filek House","og_description":"Unser Team von Republique hat einige Restaurantempfehlungen f\u00fcr dich zusammengestellt. Hier findest du das passende Restaurant f\u00fcr jeden Geschmack und jede Vorliebe.","og_url":"https:\/\/filek.ro\/de\/kulinarik-und-freizeitmoeglichkeiten\/","og_site_name":"Filek House","article_publisher":"https:\/\/www.facebook.com\/profile.php?id=100094411789679","article_modified_time":"2024-11-09T20:52:43+00:00","og_image":[{"url":"https:\/\/filek.ro\/wp-content\/uploads\/2024\/08\/Luxemburg_0100-1024x683.jpg","type":"","width":"","height":""}],"twitter_card":"summary_large_image","twitter_title":"Kulinarik Und Freizeitm\u00f6glichkeiten - Filek House","twitter_description":"Unser Team von Republique hat einige Restaurantempfehlungen f\u00fcr dich zusammengestellt. Hier findest du das passende Restaurant f\u00fcr jeden Geschmack und jede Vorliebe.","twitter_image":"https:\/\/filek.ro\/wp-content\/uploads\/2024\/08\/Luxemburg_0100-1024x683.jpg","twitter_misc":{"Gesch\u00e4tzte Lesezeit":"30\u00a0Minuten"},"schema":{"@context":"https:\/\/schema.org","@graph":[{"@type":"WebPage","@id":"https:\/\/filek.ro\/de\/kulinarik-und-freizeitmoeglichkeiten\/","url":"https:\/\/filek.ro\/de\/kulinarik-und-freizeitmoeglichkeiten\/","name":"Kulinarik Und Freizeitm\u00f6glichkeiten - Filek House","isPartOf":{"@id":"https:\/\/filek.ro\/de\/#website"},"datePublished":"2024-08-12T06:44:37+00:00","dateModified":"2024-11-09T20:52:43+00:00","description":"Aktivit\u00e4ten in Sibiu, Restauranttipps und Sehensw\u00fcrdigkeiten in der N\u00e4he des Filek-Hauses. Alle sind in ca. 1-5 Minuten zu Fu\u00df erreichbar.","breadcrumb":{"@id":"https:\/\/filek.ro\/de\/kulinarik-und-freizeitmoeglichkeiten\/#breadcrumb"},"inLanguage":"de","potentialAction":[{"@type":"ReadAction","target":["https:\/\/filek.ro\/de\/kulinarik-und-freizeitmoeglichkeiten\/"]}]},{"@type":"BreadcrumbList","@id":"https:\/\/filek.ro\/de\/kulinarik-und-freizeitmoeglichkeiten\/#breadcrumb","itemListElement":[{"@type":"ListItem","position":1,"name":"Home","item":"https:\/\/filek.ro\/de\/"},{"@type":"ListItem","position":2,"name":"Kulinarik Und Freizeitm\u00f6glichkeiten"}]},{"@type":"WebSite","@id":"https:\/\/filek.ro\/de\/#website","url":"https:\/\/filek.ro\/de\/","name":"Filek House","description":"Accommodation Sibiu","publisher":{"@id":"https:\/\/filek.ro\/de\/#organization"},"potentialAction":[{"@type":"SearchAction","target":{"@type":"EntryPoint","urlTemplate":"https:\/\/filek.ro\/de\/?s={search_term_string}"},"query-input":{"@type":"PropertyValueSpecification","valueRequired":true,"valueName":"search_term_string"}}],"inLanguage":"de"},{"@type":"Organization","@id":"https:\/\/filek.ro\/de\/#organization","name":"Filek House","url":"https:\/\/filek.ro\/de\/","logo":{"@type":"ImageObject","inLanguage":"de","@id":"https:\/\/filek.ro\/de\/#\/schema\/logo\/image\/","url":"https:\/\/filek.ro\/wp-content\/uploads\/2022\/12\/FILEK-logo-web.png","contentUrl":"https:\/\/filek.ro\/wp-content\/uploads\/2022\/12\/FILEK-logo-web.png","width":854,"height":1031,"caption":"Filek House"},"image":{"@id":"https:\/\/filek.ro\/de\/#\/schema\/logo\/image\/"},"sameAs":["https:\/\/www.facebook.com\/profile.php?id=100094411789679","https:\/\/www.instagram.com\/filek.house.sibiu\/"]}]}},"_links":{"self":[{"href":"https:\/\/filek.ro\/de\/wp-json\/wp\/v2\/pages\/2918","targetHints":{"allow":["GET"]}}],"collection":[{"href":"https:\/\/filek.ro\/de\/wp-json\/wp\/v2\/pages"}],"about":[{"href":"https:\/\/filek.ro\/de\/wp-json\/wp\/v2\/types\/page"}],"author":[{"embeddable":true,"href":"https:\/\/filek.ro\/de\/wp-json\/wp\/v2\/users\/1"}],"replies":[{"embeddable":true,"href":"https:\/\/filek.ro\/de\/wp-json\/wp\/v2\/comments?post=2918"}],"version-history":[{"count":2,"href":"https:\/\/filek.ro\/de\/wp-json\/wp\/v2\/pages\/2918\/revisions"}],"predecessor-version":[{"id":2920,"href":"https:\/\/filek.ro\/de\/wp-json\/wp\/v2\/pages\/2918\/revisions\/2920"}],"wp:attachment":[{"href":"https:\/\/filek.ro\/de\/wp-json\/wp\/v2\/media?parent=2918"}],"curies":[{"name":"wp","href":"https:\/\/api.w.org\/{rel}","templated":true}]}}