{"id":2874,"date":"2024-08-11T21:47:31","date_gmt":"2024-08-11T18:47:31","guid":{"rendered":"https:\/\/filek.ro\/bucurati-va-de-saltea\/"},"modified":"2024-11-20T21:00:24","modified_gmt":"2024-11-20T19:00:24","slug":"bucurati-va-de-saltea","status":"publish","type":"page","link":"https:\/\/filek.ro\/ro\/bucurati-va-de-saltea\/","title":{"rendered":"Bucura\u021bi-v\u0103 de saltea"},"content":{"rendered":"<div class=\"fusion-fullwidth fullwidth-box fusion-builder-row-1 fusion-flex-container has-pattern-background has-mask-background nonhundred-percent-fullwidth non-hundred-percent-height-scrolling\" style=\"--awb-background-position:left center;--awb-border-radius-top-left:0px;--awb-border-radius-top-right:0px;--awb-border-radius-bottom-right:0px;--awb-border-radius-bottom-left:0px;--awb-padding-top:75px;--awb-padding-bottom:100px;--awb-padding-top-medium:80px;--awb-padding-bottom-medium:80px;--awb-padding-top-small:50px;--awb-padding-bottom-small:50px;--awb-background-color:var(--awb-custom_color_2);--awb-flex-wrap:wrap;\" ><div class=\"fusion-builder-row fusion-row fusion-flex-align-items-stretch fusion-flex-justify-content-center fusion-flex-content-wrap\" style=\"max-width:calc( 1200px + 0px );margin-left: calc(-0px \/ 2 );margin-right: calc(-0px \/ 2 );\"><div class=\"fusion-layout-column fusion_builder_column fusion-builder-column-0 fusion_builder_column_1_1 1_1 fusion-flex-column fusion-animated\" style=\"--awb-bg-size:cover;--awb-width-large:100%;--awb-margin-top-large:0px;--awb-spacing-right-large:0px;--awb-margin-bottom-large:60px;--awb-spacing-left-large:0px;--awb-width-medium:100%;--awb-order-medium:0;--awb-spacing-right-medium:0px;--awb-margin-bottom-medium:50px;--awb-spacing-left-medium:0px;--awb-width-small:100%;--awb-order-small:0;--awb-spacing-right-small:0px;--awb-margin-bottom-small:40px;--awb-spacing-left-small:0px;\" data-animationType=\"fadeInDown\" data-animationDuration=\"0.8\" data-animationDelay=\"0.2\" data-animationOffset=\"top-into-view\" data-scroll-devices=\"small-visibility,medium-visibility,large-visibility\"><div class=\"fusion-column-wrapper fusion-column-has-shadow fusion-flex-justify-content-flex-start fusion-content-layout-column\"><div class=\"fusion-title title fusion-title-1 fusion-sep-none fusion-title-center fusion-title-text fusion-title-size-two\" style=\"--awb-text-color:var(--awb-color8);--awb-margin-top-small:10px;--awb-margin-right-small:0px;--awb-margin-bottom-small:20px;--awb-margin-left-small:0px;\"><h2 class=\"fusion-title-heading title-heading-center\" style=\"margin:0;\">Bucura\u021bi-v\u0103 de saltea<\/h2><\/div><div class=\"fusion-text fusion-text-1 fusion-text-no-margin\" style=\"--awb-content-alignment:center;--awb-margin-right:5%;--awb-margin-bottom:0px;--awb-margin-left:5%;\"><p>A\u021bi adorat somnul? Lua\u021bi confortul acas\u0103!<\/p>\n<\/div><\/div><\/div><div class=\"fusion-layout-column fusion_builder_column fusion-builder-column-1 fusion_builder_column_1_2 1_2 fusion-flex-column fusion-animated\" style=\"--awb-bg-position:center center;--awb-bg-size:cover;--awb-width-large:50%;--awb-margin-top-large:0px;--awb-spacing-right-large:0px;--awb-margin-bottom-large:0px;--awb-spacing-left-large:0px;--awb-width-medium:50%;--awb-order-medium:0;--awb-spacing-right-medium:0px;--awb-spacing-left-medium:0px;--awb-width-small:100%;--awb-order-small:0;--awb-spacing-right-small:0px;--awb-spacing-left-small:0px;\" data-animationType=\"fadeInUp\" data-animationDuration=\"0.8\" data-animationOffset=\"top-into-view\" data-scroll-devices=\"small-visibility,medium-visibility,large-visibility\"><div class=\"fusion-column-wrapper lazyload fusion-column-has-shadow fusion-flex-justify-content-flex-start fusion-content-layout-column fusion-empty-column-bg-image fusion-column-has-bg-image\" data-bg-url=\"https:\/\/filek.ro\/wp-content\/uploads\/2024\/11\/mattress-sibiu.jpg\" data-bg=\"https:\/\/filek.ro\/wp-content\/uploads\/2024\/11\/mattress-sibiu.jpg\"><img decoding=\"async\" class=\"fusion-empty-dims-img-placeholder fusion-no-large-visibility fusion-no-medium-visibility\" aria-label=\"mattress-sibiu\" src=\"data:image\/svg+xml,%3Csvg%20xmlns%3D%27http%3A%2F%2Fwww.w3.org%2F2000%2Fsvg%27%20width%3D%272000%27%20height%3D%271333%27%20viewBox%3D%270%200%202000%201333%27%3E%3Crect%20width%3D%272000%27%20height%3D%271333%27%20fill-opacity%3D%220%22%2F%3E%3C%2Fsvg%3E\"><\/div><\/div><div class=\"fusion-layout-column fusion_builder_column fusion-builder-column-2 fusion_builder_column_1_2 1_2 fusion-flex-column fusion-flex-align-self-center fusion-animated\" style=\"--awb-z-index:99999;--awb-padding-top:70px;--awb-padding-right:80px;--awb-padding-bottom:70px;--awb-padding-left:80px;--awb-padding-top-medium:60px;--awb-padding-right-medium:60px;--awb-padding-bottom-medium:60px;--awb-padding-left-medium:60px;--awb-padding-top-small:40px;--awb-padding-right-small:20px;--awb-padding-bottom-small:20px;--awb-padding-left-small:20px;--awb-bg-color:var(--awb-color1);--awb-bg-color-hover:var(--awb-color1);--awb-bg-size:cover;--awb-width-large:50%;--awb-margin-top-large:0px;--awb-spacing-right-large:0px;--awb-margin-bottom-large:0px;--awb-spacing-left-large:0px;--awb-width-medium:50%;--awb-order-medium:0;--awb-spacing-right-medium:0px;--awb-spacing-left-medium:0px;--awb-width-small:100%;--awb-order-small:0;--awb-spacing-right-small:0px;--awb-spacing-left-small:0px;\" data-animationType=\"fadeInUp\" data-animationDuration=\"0.8\" data-animationOffset=\"top-into-view\" data-scroll-devices=\"small-visibility,medium-visibility,large-visibility\"><div class=\"fusion-column-wrapper fusion-column-has-shadow fusion-flex-justify-content-flex-start fusion-content-layout-column\"><div class=\"fusion-text fusion-text-2 sm-text-align-center fusion-text-no-margin\" style=\"--awb-margin-bottom:40px;\"><p>La Filek House, credem \u00een puterea unui somn de calitate. Dac\u0103 v-a\u021bi bucurat de confortul paturilor noastre, de ce s\u0103 nu aduce\u021bi acea experien\u021b\u0103 acas\u0103?<\/p>\n<p><strong>Saltelele Noastre Premium:<\/strong><\/p>\n<ul>\n<li>Confort Superior: Suport \u0219i relaxare optim\u0103.<\/li>\n<li>Durabilitate: Calitate de lung\u0103 durat\u0103.<\/li>\n<li>Beneficii pentru s\u0103n\u0103tate: Postur\u0103 mai bun\u0103 \u00een timpul somnului \u0219i reducerea punctelor de presiune.<\/li>\n<li>Eco-Friendly: Fabricate durabil.<\/li>\n<\/ul>\n<p><strong>Ofert\u0103 Exclusiv\u0103 pentru Oaspe\u021bi!<\/strong><\/p>\n<p>Bucura\u021bi-v\u0103 de o reducere de 10% la achizi\u021bionarea unei saltele, men\u021bion\u00e2nd sejurul dumneavoastr\u0103.<\/p>\n<\/div><div class=\"sm-text-align-center\"><a class=\"fusion-button button-flat fusion-button-default-size button-default fusion-button-default button-1 fusion-button-default-span fusion-button-default-type\" style=\"--button_padding-right:40px;--button_padding-left:40px;\" target=\"_self\" href=\"https:\/\/filek.ro\/ro\/contact\/\"><span class=\"fusion-button-text awb-button__text awb-button__text--default\">Contacta\u0163i-ne<\/span><\/a><\/div><\/div><\/div><\/div><\/div>\n","protected":false},"excerpt":{"rendered":"","protected":false},"author":1,"featured_media":0,"parent":0,"menu_order":0,"comment_status":"closed","ping_status":"closed","template":"100-width.php","meta":{"footnotes":""},"class_list":["post-2874","page","type-page","status-publish","hentry"],"yoast_head":"<!-- This site is optimized with the Yoast SEO plugin v27.3 - https:\/\/yoast.com\/product\/yoast-seo-wordpress\/ -->\n<title>Bucura\u021bi-v\u0103 de saltea - Filek House<\/title>\n<meta name=\"description\" content=\"La Filek House, credem \u00een puterea unui somn de calitate. Bucura\u021bi-v\u0103 de o reducere de 10% la achizi\u021bionarea unei saltele, men\u021bion\u00e2nd sejurul dumneavoastr\u0103.\" \/>\n<meta name=\"robots\" content=\"index, follow, max-snippet:-1, max-image-preview:large, max-video-preview:-1\" \/>\n<link rel=\"canonical\" href=\"https:\/\/filek.ro\/ro\/bucurati-va-de-saltea\/\" \/>\n<meta property=\"og:locale\" content=\"ro_RO\" \/>\n<meta property=\"og:type\" content=\"article\" \/>\n<meta property=\"og:title\" content=\"Bucura\u021bi-v\u0103 de saltea - Filek House\" \/>\n<meta property=\"og:description\" content=\"La Filek House, credem \u00een puterea unui somn de calitate. Bucura\u021bi-v\u0103 de o reducere de 10% la achizi\u021bionarea unei saltele, men\u021bion\u00e2nd sejurul dumneavoastr\u0103.\" \/>\n<meta property=\"og:url\" content=\"https:\/\/filek.ro\/ro\/bucurati-va-de-saltea\/\" \/>\n<meta property=\"og:site_name\" content=\"Filek House\" \/>\n<meta property=\"article:publisher\" content=\"https:\/\/www.facebook.com\/profile.php?id=100094411789679\" \/>\n<meta property=\"article:modified_time\" content=\"2024-11-20T19:00:24+00:00\" \/>\n<meta property=\"og:image\" content=\"https:\/\/filek.ro\/wp-content\/uploads\/2024\/11\/double-room-sibiu-piata-mare-3-1024x682.jpg\" \/>\n<meta name=\"twitter:card\" content=\"summary_large_image\" \/>\n<meta name=\"twitter:title\" content=\"Bucura\u021bi-v\u0103 de saltea - Filek House\" \/>\n<meta name=\"twitter:description\" content=\"La Filek House, credem \u00een puterea unui somn de calitate. Bucura\u021bi-v\u0103 de o reducere de 10% la achizi\u021bionarea unei saltele, men\u021bion\u00e2nd sejurul dumneavoastr\u0103.\" \/>\n<meta name=\"twitter:image\" content=\"https:\/\/filek.ro\/wp-content\/uploads\/2024\/11\/double-room-sibiu-piata-mare-3-1024x682.jpg\" \/>\n<meta name=\"twitter:label1\" content=\"Timp estimat pentru citire\" \/>\n\t<meta name=\"twitter:data1\" content=\"1 minut\" \/>\n<script type=\"application\/ld+json\" class=\"yoast-schema-graph\">{\"@context\":\"https:\\\/\\\/schema.org\",\"@graph\":[{\"@type\":\"WebPage\",\"@id\":\"https:\\\/\\\/filek.ro\\\/ro\\\/bucurati-va-de-saltea\\\/\",\"url\":\"https:\\\/\\\/filek.ro\\\/ro\\\/bucurati-va-de-saltea\\\/\",\"name\":\"Bucura\u021bi-v\u0103 de saltea - Filek House\",\"isPartOf\":{\"@id\":\"https:\\\/\\\/filek.ro\\\/ro\\\/#website\"},\"datePublished\":\"2024-08-11T18:47:31+00:00\",\"dateModified\":\"2024-11-20T19:00:24+00:00\",\"description\":\"La Filek House, credem \u00een puterea unui somn de calitate. Bucura\u021bi-v\u0103 de o reducere de 10% la achizi\u021bionarea unei saltele, men\u021bion\u00e2nd sejurul dumneavoastr\u0103.\",\"breadcrumb\":{\"@id\":\"https:\\\/\\\/filek.ro\\\/ro\\\/bucurati-va-de-saltea\\\/#breadcrumb\"},\"inLanguage\":\"ro-RO\",\"potentialAction\":[{\"@type\":\"ReadAction\",\"target\":[\"https:\\\/\\\/filek.ro\\\/ro\\\/bucurati-va-de-saltea\\\/\"]}]},{\"@type\":\"BreadcrumbList\",\"@id\":\"https:\\\/\\\/filek.ro\\\/ro\\\/bucurati-va-de-saltea\\\/#breadcrumb\",\"itemListElement\":[{\"@type\":\"ListItem\",\"position\":1,\"name\":\"Home\",\"item\":\"https:\\\/\\\/filek.ro\\\/ro\\\/\"},{\"@type\":\"ListItem\",\"position\":2,\"name\":\"Bucura\u021bi-v\u0103 de saltea\"}]},{\"@type\":\"WebSite\",\"@id\":\"https:\\\/\\\/filek.ro\\\/ro\\\/#website\",\"url\":\"https:\\\/\\\/filek.ro\\\/ro\\\/\",\"name\":\"Filek House\",\"description\":\"Accommodation Sibiu\",\"publisher\":{\"@id\":\"https:\\\/\\\/filek.ro\\\/ro\\\/#organization\"},\"potentialAction\":[{\"@type\":\"SearchAction\",\"target\":{\"@type\":\"EntryPoint\",\"urlTemplate\":\"https:\\\/\\\/filek.ro\\\/ro\\\/?s={search_term_string}\"},\"query-input\":{\"@type\":\"PropertyValueSpecification\",\"valueRequired\":true,\"valueName\":\"search_term_string\"}}],\"inLanguage\":\"ro-RO\"},{\"@type\":\"Organization\",\"@id\":\"https:\\\/\\\/filek.ro\\\/ro\\\/#organization\",\"name\":\"Filek House\",\"url\":\"https:\\\/\\\/filek.ro\\\/ro\\\/\",\"logo\":{\"@type\":\"ImageObject\",\"inLanguage\":\"ro-RO\",\"@id\":\"https:\\\/\\\/filek.ro\\\/ro\\\/#\\\/schema\\\/logo\\\/image\\\/\",\"url\":\"https:\\\/\\\/filek.ro\\\/wp-content\\\/uploads\\\/2022\\\/12\\\/FILEK-logo-web.png\",\"contentUrl\":\"https:\\\/\\\/filek.ro\\\/wp-content\\\/uploads\\\/2022\\\/12\\\/FILEK-logo-web.png\",\"width\":854,\"height\":1031,\"caption\":\"Filek House\"},\"image\":{\"@id\":\"https:\\\/\\\/filek.ro\\\/ro\\\/#\\\/schema\\\/logo\\\/image\\\/\"},\"sameAs\":[\"https:\\\/\\\/www.facebook.com\\\/profile.php?id=100094411789679\",\"https:\\\/\\\/www.instagram.com\\\/filek.house.sibiu\\\/\"]}]}<\/script>\n<!-- \/ Yoast SEO plugin. -->","yoast_head_json":{"title":"Bucura\u021bi-v\u0103 de saltea - Filek House","description":"La Filek House, credem \u00een puterea unui somn de calitate. Bucura\u021bi-v\u0103 de o reducere de 10% la achizi\u021bionarea unei saltele, men\u021bion\u00e2nd sejurul dumneavoastr\u0103.","robots":{"index":"index","follow":"follow","max-snippet":"max-snippet:-1","max-image-preview":"max-image-preview:large","max-video-preview":"max-video-preview:-1"},"canonical":"https:\/\/filek.ro\/ro\/bucurati-va-de-saltea\/","og_locale":"ro_RO","og_type":"article","og_title":"Bucura\u021bi-v\u0103 de saltea - Filek House","og_description":"La Filek House, credem \u00een puterea unui somn de calitate. Bucura\u021bi-v\u0103 de o reducere de 10% la achizi\u021bionarea unei saltele, men\u021bion\u00e2nd sejurul dumneavoastr\u0103.","og_url":"https:\/\/filek.ro\/ro\/bucurati-va-de-saltea\/","og_site_name":"Filek House","article_publisher":"https:\/\/www.facebook.com\/profile.php?id=100094411789679","article_modified_time":"2024-11-20T19:00:24+00:00","og_image":[{"url":"https:\/\/filek.ro\/wp-content\/uploads\/2024\/11\/double-room-sibiu-piata-mare-3-1024x682.jpg","type":"","width":"","height":""}],"twitter_card":"summary_large_image","twitter_title":"Bucura\u021bi-v\u0103 de saltea - Filek House","twitter_description":"La Filek House, credem \u00een puterea unui somn de calitate. Bucura\u021bi-v\u0103 de o reducere de 10% la achizi\u021bionarea unei saltele, men\u021bion\u00e2nd sejurul dumneavoastr\u0103.","twitter_image":"https:\/\/filek.ro\/wp-content\/uploads\/2024\/11\/double-room-sibiu-piata-mare-3-1024x682.jpg","twitter_misc":{"Timp estimat pentru citire":"1 minut"},"schema":{"@context":"https:\/\/schema.org","@graph":[{"@type":"WebPage","@id":"https:\/\/filek.ro\/ro\/bucurati-va-de-saltea\/","url":"https:\/\/filek.ro\/ro\/bucurati-va-de-saltea\/","name":"Bucura\u021bi-v\u0103 de saltea - Filek House","isPartOf":{"@id":"https:\/\/filek.ro\/ro\/#website"},"datePublished":"2024-08-11T18:47:31+00:00","dateModified":"2024-11-20T19:00:24+00:00","description":"La Filek House, credem \u00een puterea unui somn de calitate. Bucura\u021bi-v\u0103 de o reducere de 10% la achizi\u021bionarea unei saltele, men\u021bion\u00e2nd sejurul dumneavoastr\u0103.","breadcrumb":{"@id":"https:\/\/filek.ro\/ro\/bucurati-va-de-saltea\/#breadcrumb"},"inLanguage":"ro-RO","potentialAction":[{"@type":"ReadAction","target":["https:\/\/filek.ro\/ro\/bucurati-va-de-saltea\/"]}]},{"@type":"BreadcrumbList","@id":"https:\/\/filek.ro\/ro\/bucurati-va-de-saltea\/#breadcrumb","itemListElement":[{"@type":"ListItem","position":1,"name":"Home","item":"https:\/\/filek.ro\/ro\/"},{"@type":"ListItem","position":2,"name":"Bucura\u021bi-v\u0103 de saltea"}]},{"@type":"WebSite","@id":"https:\/\/filek.ro\/ro\/#website","url":"https:\/\/filek.ro\/ro\/","name":"Filek House","description":"Accommodation Sibiu","publisher":{"@id":"https:\/\/filek.ro\/ro\/#organization"},"potentialAction":[{"@type":"SearchAction","target":{"@type":"EntryPoint","urlTemplate":"https:\/\/filek.ro\/ro\/?s={search_term_string}"},"query-input":{"@type":"PropertyValueSpecification","valueRequired":true,"valueName":"search_term_string"}}],"inLanguage":"ro-RO"},{"@type":"Organization","@id":"https:\/\/filek.ro\/ro\/#organization","name":"Filek House","url":"https:\/\/filek.ro\/ro\/","logo":{"@type":"ImageObject","inLanguage":"ro-RO","@id":"https:\/\/filek.ro\/ro\/#\/schema\/logo\/image\/","url":"https:\/\/filek.ro\/wp-content\/uploads\/2022\/12\/FILEK-logo-web.png","contentUrl":"https:\/\/filek.ro\/wp-content\/uploads\/2022\/12\/FILEK-logo-web.png","width":854,"height":1031,"caption":"Filek House"},"image":{"@id":"https:\/\/filek.ro\/ro\/#\/schema\/logo\/image\/"},"sameAs":["https:\/\/www.facebook.com\/profile.php?id=100094411789679","https:\/\/www.instagram.com\/filek.house.sibiu\/"]}]}},"_links":{"self":[{"href":"https:\/\/filek.ro\/ro\/wp-json\/wp\/v2\/pages\/2874","targetHints":{"allow":["GET"]}}],"collection":[{"href":"https:\/\/filek.ro\/ro\/wp-json\/wp\/v2\/pages"}],"about":[{"href":"https:\/\/filek.ro\/ro\/wp-json\/wp\/v2\/types\/page"}],"author":[{"embeddable":true,"href":"https:\/\/filek.ro\/ro\/wp-json\/wp\/v2\/users\/1"}],"replies":[{"embeddable":true,"href":"https:\/\/filek.ro\/ro\/wp-json\/wp\/v2\/comments?post=2874"}],"version-history":[{"count":6,"href":"https:\/\/filek.ro\/ro\/wp-json\/wp\/v2\/pages\/2874\/revisions"}],"predecessor-version":[{"id":3114,"href":"https:\/\/filek.ro\/ro\/wp-json\/wp\/v2\/pages\/2874\/revisions\/3114"}],"wp:attachment":[{"href":"https:\/\/filek.ro\/ro\/wp-json\/wp\/v2\/media?parent=2874"}],"curies":[{"name":"wp","href":"https:\/\/api.w.org\/{rel}","templated":true}]}}